{"id":248,"date":"2021-05-18T04:40:38","date_gmt":"2021-05-18T04:40:38","guid":{"rendered":"https:\/\/lawcoursesmu.com\/index.php\/about-us\/"},"modified":"2023-11-29T19:48:42","modified_gmt":"2023-11-29T18:48:42","slug":"maitre-appado-avoue","status":"publish","type":"page","link":"https:\/\/lawcoursesmu.com\/en\/maitre-appado-avoue\/","title":{"rendered":"Maitre Appado, avou\u00e9 \u00e0 Quatre Bornes"},"content":{"rendered":"<div data-elementor-type=\"wp-page\" data-elementor-id=\"248\" class=\"elementor elementor-248\">\n\t\t\t\t\t\t<section class=\"elementor-section elementor-top-section elementor-element elementor-element-b6d786e elementor-section-content-middle elementor-section-boxed elementor-section-height-default elementor-section-height-default\" data-id=\"b6d786e\" data-element_type=\"section\" data-settings=\"{&quot;background_background&quot;:&quot;classic&quot;}\">\n\t\t\t\t\t\t<div class=\"elementor-container elementor-column-gap-no\">\n\t\t\t\t\t<div class=\"elementor-column elementor-col-50 elementor-top-column elementor-element elementor-element-d2f1e5f\" data-id=\"d2f1e5f\" data-element_type=\"column\">\n\t\t\t<div class=\"elementor-widget-wrap elementor-element-populated\">\n\t\t\t\t\t\t<div class=\"elementor-element elementor-element-8c02fa3 elementor-widget elementor-widget-heading\" data-id=\"8c02fa3\" data-element_type=\"widget\" data-widget_type=\"heading.default\">\n\t\t\t\t<div class=\"elementor-widget-container\">\n\t\t\t\t\t<h1 class=\"elementor-heading-title elementor-size-default\">Mr Appado, Solicitor in Quatre Bornes<\/h1>\t\t\t\t<\/div>\n\t\t\t\t<\/div>\n\t\t\t\t\t<\/div>\n\t\t<\/div>\n\t\t\t\t<div class=\"elementor-column elementor-col-50 elementor-top-column elementor-element elementor-element-b2b8baf\" data-id=\"b2b8baf\" data-element_type=\"column\">\n\t\t\t<div class=\"elementor-widget-wrap elementor-element-populated\">\n\t\t\t\t\t\t<div class=\"elementor-element elementor-element-d27d16f elementor-widget elementor-widget-image\" data-id=\"d27d16f\" data-element_type=\"widget\" data-widget_type=\"image.default\">\n\t\t\t\t<div class=\"elementor-widget-container\">\n\t\t\t\t\t\t\t\t\t\t\t\t\t\t\t<img fetchpriority=\"high\" decoding=\"async\" width=\"1024\" height=\"582\" src=\"https:\/\/lawcoursesmu.com\/wp-content\/uploads\/2023\/11\/Manoj-et-ses-eleves_page-0001-3-1024x582.jpg\" class=\"attachment-large size-large wp-image-1274\" alt=\"Maitre appado, avou\u00e9 \u00e0 Quatre Bornes, avec ses \u00e9l\u00e8ves\" srcset=\"https:\/\/lawcoursesmu.com\/wp-content\/uploads\/2023\/11\/Manoj-et-ses-eleves_page-0001-3-1024x582.jpg 1024w, https:\/\/lawcoursesmu.com\/wp-content\/uploads\/2023\/11\/Manoj-et-ses-eleves_page-0001-3-300x171.jpg 300w, https:\/\/lawcoursesmu.com\/wp-content\/uploads\/2023\/11\/Manoj-et-ses-eleves_page-0001-3-768x436.jpg 768w, https:\/\/lawcoursesmu.com\/wp-content\/uploads\/2023\/11\/Manoj-et-ses-eleves_page-0001-3.jpg 1200w\" sizes=\"(max-width: 1024px) 100vw, 1024px\" \/>\t\t\t\t\t\t\t\t\t\t\t\t\t\t\t<\/div>\n\t\t\t\t<\/div>\n\t\t\t\t\t<\/div>\n\t\t<\/div>\n\t\t\t\t\t<\/div>\n\t\t<\/section>\n\t\t\t\t<section class=\"elementor-section elementor-top-section elementor-element elementor-element-96a29d4 elementor-section-boxed elementor-section-height-default elementor-section-height-default\" data-id=\"96a29d4\" data-element_type=\"section\" data-settings=\"{&quot;background_background&quot;:&quot;classic&quot;}\">\n\t\t\t\t\t\t<div class=\"elementor-container elementor-column-gap-default\">\n\t\t\t\t\t<div class=\"elementor-column elementor-col-100 elementor-top-column elementor-element elementor-element-3532c36\" data-id=\"3532c36\" data-element_type=\"column\">\n\t\t\t<div class=\"elementor-widget-wrap elementor-element-populated\">\n\t\t\t\t\t\t<div class=\"elementor-element elementor-element-8cb829c animated-slow elementor-invisible elementor-widget elementor-widget-heading\" data-id=\"8cb829c\" data-element_type=\"widget\" data-settings=\"{&quot;_animation&quot;:&quot;fadeIn&quot;}\" data-widget_type=\"heading.default\">\n\t\t\t\t<div class=\"elementor-widget-container\">\n\t\t\t\t\t<h2 class=\"elementor-heading-title elementor-size-default\">Mr Appado, Solicitor, Specializing in Civil, Commercial, and Corporate Law in Quatre Bornes<\/h2>\t\t\t\t<\/div>\n\t\t\t\t<\/div>\n\t\t\t\t<div class=\"elementor-element elementor-element-8f34d8c elementor-invisible elementor-widget elementor-widget-image\" data-id=\"8f34d8c\" data-element_type=\"widget\" data-settings=\"{&quot;_animation&quot;:&quot;fadeInUp&quot;,&quot;_animation_mobile&quot;:&quot;fadeInUp&quot;}\" data-widget_type=\"image.default\">\n\t\t\t\t<div class=\"elementor-widget-container\">\n\t\t\t\t\t\t\t\t\t\t\t\t\t\t\t<img decoding=\"async\" width=\"300\" height=\"213\" src=\"https:\/\/lawcoursesmu.com\/wp-content\/uploads\/2023\/11\/scale-310471_640-300x213.png\" class=\"attachment-medium size-medium wp-image-1630\" alt=\"Sp\u00e9cialiste en droit civil et commercial\" srcset=\"https:\/\/lawcoursesmu.com\/wp-content\/uploads\/2023\/11\/scale-310471_640-300x213.png 300w, https:\/\/lawcoursesmu.com\/wp-content\/uploads\/2023\/11\/scale-310471_640.png 640w\" sizes=\"(max-width: 300px) 100vw, 300px\" \/>\t\t\t\t\t\t\t\t\t\t\t\t\t\t\t<\/div>\n\t\t\t\t<\/div>\n\t\t\t\t\t<\/div>\n\t\t<\/div>\n\t\t\t\t\t<\/div>\n\t\t<\/section>\n\t\t\t\t<section class=\"elementor-section elementor-top-section elementor-element elementor-element-b7b45a6 elementor-section-boxed elementor-section-height-default elementor-section-height-default\" data-id=\"b7b45a6\" data-element_type=\"section\" data-settings=\"{&quot;background_background&quot;:&quot;classic&quot;}\">\n\t\t\t\t\t\t<div class=\"elementor-container elementor-column-gap-default\">\n\t\t\t\t\t<div class=\"elementor-column elementor-col-100 elementor-top-column elementor-element elementor-element-7679c73\" data-id=\"7679c73\" data-element_type=\"column\">\n\t\t\t<div class=\"elementor-widget-wrap elementor-element-populated\">\n\t\t\t\t\t\t<div class=\"elementor-element elementor-element-6d5f194 elementor-widget elementor-widget-heading\" data-id=\"6d5f194\" data-element_type=\"widget\" data-widget_type=\"heading.default\">\n\t\t\t\t<div class=\"elementor-widget-container\">\n\t\t\t\t\t<h3 class=\"elementor-heading-title elementor-size-default\">Specialist in civil and commercial law <\/h3>\t\t\t\t<\/div>\n\t\t\t\t<\/div>\n\t\t\t\t<div class=\"elementor-element elementor-element-e7fa889 elementor-widget elementor-widget-heading\" data-id=\"e7fa889\" data-element_type=\"widget\" data-widget_type=\"heading.default\">\n\t\t\t\t<div class=\"elementor-widget-container\">\n\t\t\t\t\t<h4 class=\"elementor-heading-title elementor-size-default\">31 years of experience<\/h4>\t\t\t\t<\/div>\n\t\t\t\t<\/div>\n\t\t\t\t<div class=\"elementor-element elementor-element-0e314dc elementor-widget elementor-widget-text-editor\" data-id=\"0e314dc\" data-element_type=\"widget\" data-widget_type=\"text-editor.default\">\n\t\t\t\t<div class=\"elementor-widget-container\">\n\t\t\t\t\t\t\t\t\t<p>Solicitor in Quatre Bornes, Mr Appado has been practicing for <strong>31 years<\/strong> and is still <strong>active. <\/strong>I specialize in <strong>civil, commercial, and corporate matters<\/strong>.<\/p><p>I am also <strong>an advisor<\/strong> in the <strong>financial services and global business sector. <\/strong>Additionally, I teach law courses at my office in Quatre Bornes.<\/p>\t\t\t\t\t\t\t\t<\/div>\n\t\t\t\t<\/div>\n\t\t\t\t<div class=\"elementor-element elementor-element-62f2644 animated-slow elementor-invisible elementor-widget elementor-widget-image\" data-id=\"62f2644\" data-element_type=\"widget\" data-settings=\"{&quot;_animation&quot;:&quot;fadeIn&quot;,&quot;_animation_mobile&quot;:&quot;fadeIn&quot;}\" data-widget_type=\"image.default\">\n\t\t\t\t<div class=\"elementor-widget-container\">\n\t\t\t\t\t\t\t\t\t\t\t\t\t\t\t<img decoding=\"async\" width=\"300\" height=\"144\" src=\"https:\/\/lawcoursesmu.com\/wp-content\/uploads\/2023\/11\/2610b28c-8035-4c62-bf33-f254f8a307f4-1-300x144.jpg\" class=\"attachment-medium size-medium wp-image-1824\" alt=\"Plaque de Maitre Appado, avou\u00e9 \u00e0 Quatre Bornes\" srcset=\"https:\/\/lawcoursesmu.com\/wp-content\/uploads\/2023\/11\/2610b28c-8035-4c62-bf33-f254f8a307f4-1-300x144.jpg 300w, https:\/\/lawcoursesmu.com\/wp-content\/uploads\/2023\/11\/2610b28c-8035-4c62-bf33-f254f8a307f4-1-18x9.jpg 18w, https:\/\/lawcoursesmu.com\/wp-content\/uploads\/2023\/11\/2610b28c-8035-4c62-bf33-f254f8a307f4-1.jpg 500w\" sizes=\"(max-width: 300px) 100vw, 300px\" \/>\t\t\t\t\t\t\t\t\t\t\t\t\t\t\t<\/div>\n\t\t\t\t<\/div>\n\t\t\t\t<div class=\"elementor-element elementor-element-9074dce elementor-widget elementor-widget-heading\" data-id=\"9074dce\" data-element_type=\"widget\" data-widget_type=\"heading.default\">\n\t\t\t\t<div class=\"elementor-widget-container\">\n\t\t\t\t\t<h4 class=\"elementor-heading-title elementor-size-default\">Experience as a legal advisor<\/h4>\t\t\t\t<\/div>\n\t\t\t\t<\/div>\n\t\t\t\t<div class=\"elementor-element elementor-element-1612845 elementor-widget elementor-widget-text-editor\" data-id=\"1612845\" data-element_type=\"widget\" data-widget_type=\"text-editor.default\">\n\t\t\t\t<div class=\"elementor-widget-container\">\n\t\t\t\t\t\t\t\t\t<p>During my career, I have had the opportunity to work as <strong>a legal advisor<\/strong> for the tourism office and actively contribute to the <strong>2006<\/strong> Tourism Act.<\/p><p><span style=\"font-style: inherit; font-weight: inherit;\">I have also provided counsel to the port authority <\/span><strong style=\"font-style: inherit;\">(Mauritius Port Authority)<\/strong><span style=\"font-style: inherit; font-weight: inherit;\">, particularly in matters related to ship seizure under the<\/span><strong style=\"font-style: inherit;\"> Ports Act and the Merchant Shipping Act<\/strong><span style=\"font-style: inherit; font-weight: inherit;\">.<\/span><\/p><p><span style=\"font-style: inherit; font-weight: inherit;\">I have also worked throughout my career as a legal advisor for numerous diverse organizations such as <\/span><strong style=\"font-style: inherit;\">Maubank, Sitcom Ltd, <\/strong><span style=\"font-style: inherit; font-weight: inherit;\">the<\/span><strong style=\"font-style: inherit;\"> Port Louis Municipal Council, <\/strong><span style=\"font-style: inherit; font-weight: inherit;\">the<\/span><strong style=\"font-style: inherit;\"> Brahma Kumaris Association, <\/strong><span style=\"font-style: inherit; font-weight: inherit;\">the<\/span><strong style=\"font-style: inherit;\"> Mauritius Housing Corporation Ltd, <\/strong><span style=\"font-style: inherit; font-weight: inherit;\">as well as<\/span><strong style=\"font-style: inherit;\">&nbsp;<\/strong><span style=\"font-style: inherit; font-weight: inherit;\">the<\/span><strong style=\"font-style: inherit;\"> the Statutory Bodies Mutual Aid Association Ltd.&nbsp;<\/strong><\/p><p><span style=\"font-style: inherit; font-weight: inherit;\">I also practiced as a solicitor for the <\/span><b style=\"font-style: inherit;\">Ministry of Housing and Land Development<\/b><span style=\"font-style: inherit; font-weight: inherit;\">.<\/span><\/p>\t\t\t\t\t\t\t\t<\/div>\n\t\t\t\t<\/div>\n\t\t\t\t<div class=\"elementor-element elementor-element-43f52cc elementor-widget elementor-widget-heading\" data-id=\"43f52cc\" data-element_type=\"widget\" data-widget_type=\"heading.default\">\n\t\t\t\t<div class=\"elementor-widget-container\">\n\t\t\t\t\t<h4 class=\"elementor-heading-title elementor-size-default\">Commitment to improving legal services<\/h4>\t\t\t\t<\/div>\n\t\t\t\t<\/div>\n\t\t\t\t<div class=\"elementor-element elementor-element-c2e79c2 elementor-widget elementor-widget-text-editor\" data-id=\"c2e79c2\" data-element_type=\"widget\" data-widget_type=\"text-editor.default\">\n\t\t\t\t<div class=\"elementor-widget-container\">\n\t\t\t\t\t\t\t\t\t<p>In alignment with the one-stop-shop principle in the delivery of legal services, I have also worked towards<strong> the establishment of a legal<\/strong> research unit.<\/p><p><span style=\"font-style: inherit; font-weight: inherit; color: var(--ast-global-color-3); background-color: var( --e-global-color-astglobalcolor5 );\">With a deep understanding of the financial services sector, I served on the board of the <strong>Financial Services Commission (FSC)<\/strong> for 5 years and was its director until the end of 2014 (enabling laws: the Securities Act, the Trusts Act, the Companies Act, the Foundations Act, the Limited Partnerships Act, etc...)<\/span><\/p>\t\t\t\t\t\t\t\t<\/div>\n\t\t\t\t<\/div>\n\t\t\t\t\t<\/div>\n\t\t<\/div>\n\t\t\t\t\t<\/div>\n\t\t<\/section>\n\t\t\t\t<section class=\"elementor-section elementor-top-section elementor-element elementor-element-2e3b7fb elementor-section-boxed elementor-section-height-default elementor-section-height-default\" data-id=\"2e3b7fb\" data-element_type=\"section\" data-settings=\"{&quot;background_background&quot;:&quot;classic&quot;}\">\n\t\t\t\t\t\t<div class=\"elementor-container elementor-column-gap-default\">\n\t\t\t\t\t<div class=\"elementor-column elementor-col-100 elementor-top-column elementor-element elementor-element-8fa537f\" data-id=\"8fa537f\" data-element_type=\"column\">\n\t\t\t<div class=\"elementor-widget-wrap elementor-element-populated\">\n\t\t\t\t\t\t<div class=\"elementor-element elementor-element-f29a426 animated-slow elementor-invisible elementor-widget elementor-widget-heading\" data-id=\"f29a426\" data-element_type=\"widget\" data-settings=\"{&quot;_animation&quot;:&quot;fadeIn&quot;}\" data-widget_type=\"heading.default\">\n\t\t\t\t<div class=\"elementor-widget-container\">\n\t\t\t\t\t<h3 class=\"elementor-heading-title elementor-size-default\">Transmitting and sharing knowledge<\/h3>\t\t\t\t<\/div>\n\t\t\t\t<\/div>\n\t\t\t\t<div class=\"elementor-element elementor-element-e43b6ff elementor-invisible elementor-widget elementor-widget-image\" data-id=\"e43b6ff\" data-element_type=\"widget\" data-settings=\"{&quot;_animation&quot;:&quot;fadeInUp&quot;,&quot;_animation_mobile&quot;:&quot;fadeInUp&quot;}\" data-widget_type=\"image.default\">\n\t\t\t\t<div class=\"elementor-widget-container\">\n\t\t\t\t\t\t\t\t\t\t\t\t\t\t\t<img loading=\"lazy\" decoding=\"async\" width=\"300\" height=\"185\" src=\"https:\/\/lawcoursesmu.com\/wp-content\/uploads\/2023\/11\/books-5658928_640-1-300x185.png\" class=\"attachment-medium size-medium wp-image-1655\" alt=\"cours de droit\" srcset=\"https:\/\/lawcoursesmu.com\/wp-content\/uploads\/2023\/11\/books-5658928_640-1-300x185.png 300w, https:\/\/lawcoursesmu.com\/wp-content\/uploads\/2023\/11\/books-5658928_640-1.png 640w\" sizes=\"(max-width: 300px) 100vw, 300px\" \/>\t\t\t\t\t\t\t\t\t\t\t\t\t\t\t<\/div>\n\t\t\t\t<\/div>\n\t\t\t\t<div class=\"elementor-element elementor-element-a3db5af elementor-invisible elementor-widget elementor-widget-text-editor\" data-id=\"a3db5af\" data-element_type=\"widget\" data-settings=\"{&quot;_animation&quot;:&quot;fadeInUp&quot;}\" data-widget_type=\"text-editor.default\">\n\t\t\t\t<div class=\"elementor-widget-container\">\n\t\t\t\t\t\t\t\t\t<p>Throughout my career, I have had the opportunity to pass on my knowledge in this complex and fascinating field of law to future generations.\u00a0<\/p>\t\t\t\t\t\t\t\t<\/div>\n\t\t\t\t<\/div>\n\t\t\t\t<div class=\"elementor-element elementor-element-0175dd7 animated-slow elementor-invisible elementor-widget elementor-widget-heading\" data-id=\"0175dd7\" data-element_type=\"widget\" data-settings=\"{&quot;_animation&quot;:&quot;fadeIn&quot;}\" data-widget_type=\"heading.default\">\n\t\t\t\t<div class=\"elementor-widget-container\">\n\t\t\t\t\t<h4 class=\"elementor-heading-title elementor-size-default\">Law courses at the university and at my office<\/h4>\t\t\t\t<\/div>\n\t\t\t\t<\/div>\n\t\t\t\t<div class=\"elementor-element elementor-element-b990f89 elementor-invisible elementor-widget elementor-widget-image\" data-id=\"b990f89\" data-element_type=\"widget\" data-settings=\"{&quot;_animation_mobile&quot;:&quot;fadeInUp&quot;,&quot;_animation&quot;:&quot;fadeInUp&quot;}\" data-widget_type=\"image.default\">\n\t\t\t\t<div class=\"elementor-widget-container\">\n\t\t\t\t\t\t\t\t\t\t\t\t\t\t\t<img loading=\"lazy\" decoding=\"async\" width=\"300\" height=\"200\" src=\"https:\/\/lawcoursesmu.com\/wp-content\/uploads\/2023\/11\/diploma-1390785_640-300x200.png\" class=\"attachment-medium size-medium wp-image-1674\" alt=\"Cours de droit \u00e0 l&#039;universit\u00e9 et \u00e0 son domicile\" srcset=\"https:\/\/lawcoursesmu.com\/wp-content\/uploads\/2023\/11\/diploma-1390785_640-300x200.png 300w, https:\/\/lawcoursesmu.com\/wp-content\/uploads\/2023\/11\/diploma-1390785_640.png 640w\" sizes=\"(max-width: 300px) 100vw, 300px\" \/>\t\t\t\t\t\t\t\t\t\t\t\t\t\t\t<\/div>\n\t\t\t\t<\/div>\n\t\t\t\t<div class=\"elementor-element elementor-element-e2b9835 elementor-invisible elementor-widget elementor-widget-text-editor\" data-id=\"e2b9835\" data-element_type=\"widget\" data-settings=\"{&quot;_animation&quot;:&quot;fadeInUp&quot;}\" data-widget_type=\"text-editor.default\">\n\t\t\t\t<div class=\"elementor-widget-container\">\n\t\t\t\t\t\t\t\t\t<p>I have had the pleasure of conducting law lectures as a lecturer at the University of Mauritius. I also provide private lessons at my office for students of all levels looking to acquire the knowledge and skills necessary to work in this field.<\/p>\n<p><\/p>\t\t\t\t\t\t\t\t<\/div>\n\t\t\t\t<\/div>\n\t\t\t\t<div class=\"elementor-element elementor-element-6d262c0 animated-slow elementor-invisible elementor-widget elementor-widget-heading\" data-id=\"6d262c0\" data-element_type=\"widget\" data-settings=\"{&quot;_animation&quot;:&quot;fadeIn&quot;,&quot;_animation_mobile&quot;:&quot;fadeIn&quot;}\" data-widget_type=\"heading.default\">\n\t\t\t\t<div class=\"elementor-widget-container\">\n\t\t\t\t\t<h4 class=\"elementor-heading-title elementor-size-default\">On the radio<\/h4>\t\t\t\t<\/div>\n\t\t\t\t<\/div>\n\t\t\t\t<div class=\"elementor-element elementor-element-822b5b3 elementor-invisible elementor-widget elementor-widget-image\" data-id=\"822b5b3\" data-element_type=\"widget\" data-settings=\"{&quot;_animation&quot;:&quot;flash&quot;,&quot;_animation_mobile&quot;:&quot;flash&quot;,&quot;_animation_delay&quot;:500}\" data-widget_type=\"image.default\">\n\t\t\t\t<div class=\"elementor-widget-container\">\n\t\t\t\t\t\t\t\t\t\t\t\t\t\t\t<img loading=\"lazy\" decoding=\"async\" width=\"300\" height=\"200\" src=\"https:\/\/lawcoursesmu.com\/wp-content\/uploads\/2023\/11\/on-air-4901461_640-300x200.jpg\" class=\"attachment-medium size-medium wp-image-1666\" alt=\"\" srcset=\"https:\/\/lawcoursesmu.com\/wp-content\/uploads\/2023\/11\/on-air-4901461_640-300x200.jpg 300w, https:\/\/lawcoursesmu.com\/wp-content\/uploads\/2023\/11\/on-air-4901461_640.jpg 640w\" sizes=\"(max-width: 300px) 100vw, 300px\" \/>\t\t\t\t\t\t\t\t\t\t\t\t\t\t\t<\/div>\n\t\t\t\t<\/div>\n\t\t\t\t<div class=\"elementor-element elementor-element-c084727 elementor-invisible elementor-widget elementor-widget-text-editor\" data-id=\"c084727\" data-element_type=\"widget\" data-settings=\"{&quot;_animation&quot;:&quot;fadeIn&quot;,&quot;_animation_mobile&quot;:&quot;fadeInUp&quot;}\" data-widget_type=\"text-editor.default\">\n\t\t\t\t<div class=\"elementor-widget-container\">\n\t\t\t\t\t\t\t\t\t<p>Continuing in the knowledge transmission, I had the privilege of being a pro bono consultant on the radio. My role was to answer legal questions from the listeners, helping to clarify often complex aspects for everyone.\u00a0<\/p>\t\t\t\t\t\t\t\t<\/div>\n\t\t\t\t<\/div>\n\t\t\t\t<div class=\"elementor-element elementor-element-0528e1f elementor-invisible elementor-widget elementor-widget-image\" data-id=\"0528e1f\" data-element_type=\"widget\" data-settings=\"{&quot;_animation&quot;:&quot;fadeInUp&quot;,&quot;_animation_mobile&quot;:&quot;fadeInUp&quot;}\" data-widget_type=\"image.default\">\n\t\t\t\t<div class=\"elementor-widget-container\">\n\t\t\t\t\t\t\t\t\t\t\t\t\t\t\t<img loading=\"lazy\" decoding=\"async\" width=\"278\" height=\"300\" src=\"https:\/\/lawcoursesmu.com\/wp-content\/uploads\/2023\/11\/microphone-1018787_640-278x300.png\" class=\"attachment-medium size-medium wp-image-1667\" alt=\"image d&#039;un micro\" srcset=\"https:\/\/lawcoursesmu.com\/wp-content\/uploads\/2023\/11\/microphone-1018787_640-278x300.png 278w, https:\/\/lawcoursesmu.com\/wp-content\/uploads\/2023\/11\/microphone-1018787_640.png 592w\" sizes=\"(max-width: 278px) 100vw, 278px\" \/>\t\t\t\t\t\t\t\t\t\t\t\t\t\t\t<\/div>\n\t\t\t\t<\/div>\n\t\t\t\t\t<\/div>\n\t\t<\/div>\n\t\t\t\t\t<\/div>\n\t\t<\/section>\n\t\t\t\t<section class=\"elementor-section elementor-top-section elementor-element elementor-element-d9803bd elementor-section-height-full elementor-section-full_width elementor-section-height-default elementor-section-items-middle\" data-id=\"d9803bd\" data-element_type=\"section\" data-settings=\"{&quot;background_background&quot;:&quot;classic&quot;}\">\n\t\t\t\t\t\t\t<div class=\"elementor-background-overlay\"><\/div>\n\t\t\t\t\t\t\t<div class=\"elementor-container elementor-column-gap-default\">\n\t\t\t\t\t<div class=\"elementor-column elementor-col-100 elementor-top-column elementor-element elementor-element-50d2f87\" data-id=\"50d2f87\" data-element_type=\"column\">\n\t\t\t<div class=\"elementor-widget-wrap elementor-element-populated\">\n\t\t\t\t\t\t<div class=\"elementor-element elementor-element-c66cb09 elementor-invisible elementor-widget elementor-widget-text-editor\" data-id=\"c66cb09\" data-element_type=\"widget\" data-settings=\"{&quot;_animation&quot;:&quot;fadeInUp&quot;}\" data-widget_type=\"text-editor.default\">\n\t\t\t\t<div class=\"elementor-widget-container\">\n\t\t\t\t\t\t\t\t\t<p>Private lessons to succeed in law?<\/p><p>Look no further!<\/p>\t\t\t\t\t\t\t\t<\/div>\n\t\t\t\t<\/div>\n\t\t\t\t<div class=\"elementor-element elementor-element-f26612c elementor-button-success elementor-align-center elementor-invisible elementor-widget elementor-widget-button\" data-id=\"f26612c\" data-element_type=\"widget\" data-settings=\"{&quot;_animation&quot;:&quot;fadeInUp&quot;,&quot;_animation_mobile&quot;:&quot;fadeInUp&quot;}\" data-widget_type=\"button.default\">\n\t\t\t\t<div class=\"elementor-widget-container\">\n\t\t\t\t\t\t\t\t\t<div class=\"elementor-button-wrapper\">\n\t\t\t\t\t<a class=\"elementor-button elementor-button-link elementor-size-sm elementor-animation-shrink\" href=\"https:\/\/lawcoursesmu.com\/en\/contact\/\">\n\t\t\t\t\t\t<span class=\"elementor-button-content-wrapper\">\n\t\t\t\t\t\t<span class=\"elementor-button-icon\">\n\t\t\t\t<i aria-hidden=\"true\" class=\"fas fa-arrow-alt-circle-right\"><\/i>\t\t\t<\/span>\n\t\t\t\t\t\t\t\t\t<span class=\"elementor-button-text\">Contact me<\/span>\n\t\t\t\t\t<\/span>\n\t\t\t\t\t<\/a>\n\t\t\t\t<\/div>\n\t\t\t\t\t\t\t\t<\/div>\n\t\t\t\t<\/div>\n\t\t\t\t\t<\/div>\n\t\t<\/div>\n\t\t\t\t\t<\/div>\n\t\t<\/section>\n\t\t\t\t<\/div>","protected":false},"excerpt":{"rendered":"<p>Maitre appado, avou\u00e9 \u00c0 Quatre bornes Maitre Appado, avou\u00e9, sp\u00e9cialiste en droit civil, commercial et corporatif \u00e0 Quatre Bornes Sp\u00e9cialiste en droit civil et commercial 31 ans de carri\u00e8re Avou\u00e9 \u00e0 Quatre Bornes, Maitre Appado exerce depuis 31 ans et est toujours en activit\u00e9. Je suis sp\u00e9cialiste en mati\u00e8re civile, commerciale et corporative. Je suis [&hellip;]<\/p>","protected":false},"author":1,"featured_media":0,"parent":0,"menu_order":0,"comment_status":"closed","ping_status":"closed","template":"","meta":{"site-sidebar-layout":"no-sidebar","site-content-layout":"page-builder","ast-site-content-layout":"default","site-content-style":"default","site-sidebar-style":"default","ast-global-header-display":"","ast-banner-title-visibility":"","ast-main-header-display":"","ast-hfb-above-header-display":"","ast-hfb-below-header-display":"","ast-hfb-mobile-header-display":"","site-post-title":"disabled","ast-breadcrumbs-content":"","ast-featured-img":"disabled","footer-sml-layout":"","theme-transparent-header-meta":"default","adv-header-id-meta":"","stick-header-meta":"","header-above-stick-meta":"","header-main-stick-meta":"","header-below-stick-meta":"","astra-migrate-meta-layouts":"default","ast-page-background-enabled":"default","ast-page-background-meta":{"desktop":{"background-color":"","background-image":"","background-repeat":"repeat","background-position":"center center","background-size":"auto","background-attachment":"scroll","background-type":"","background-media":"","overlay-type":"","overlay-color":"","overlay-opacity":"","overlay-gradient":""},"tablet":{"background-color":"","background-image":"","background-repeat":"repeat","background-position":"center center","background-size":"auto","background-attachment":"scroll","background-type":"","background-media":"","overlay-type":"","overlay-color":"","overlay-opacity":"","overlay-gradient":""},"mobile":{"background-color":"","background-image":"","background-repeat":"repeat","background-position":"center center","background-size":"auto","background-attachment":"scroll","background-type":"","background-media":"","overlay-type":"","overlay-color":"","overlay-opacity":"","overlay-gradient":""}},"ast-content-background-meta":{"desktop":{"background-color":"var(--ast-global-color-5)","background-image":"","background-repeat":"repeat","background-position":"center center","background-size":"auto","background-attachment":"scroll","background-type":"","background-media":"","overlay-type":"","overlay-color":"","overlay-opacity":"","overlay-gradient":""},"tablet":{"background-color":"var(--ast-global-color-5)","background-image":"","background-repeat":"repeat","background-position":"center center","background-size":"auto","background-attachment":"scroll","background-type":"","background-media":"","overlay-type":"","overlay-color":"","overlay-opacity":"","overlay-gradient":""},"mobile":{"background-color":"var(--ast-global-color-5)","background-image":"","background-repeat":"repeat","background-position":"center center","background-size":"auto","background-attachment":"scroll","background-type":"","background-media":"","overlay-type":"","overlay-color":"","overlay-opacity":"","overlay-gradient":""}},"footnotes":""},"class_list":["post-248","page","type-page","status-publish","hentry"],"_links":{"self":[{"href":"https:\/\/lawcoursesmu.com\/en\/wp-json\/wp\/v2\/pages\/248","targetHints":{"allow":["GET"]}}],"collection":[{"href":"https:\/\/lawcoursesmu.com\/en\/wp-json\/wp\/v2\/pages"}],"about":[{"href":"https:\/\/lawcoursesmu.com\/en\/wp-json\/wp\/v2\/types\/page"}],"author":[{"embeddable":true,"href":"https:\/\/lawcoursesmu.com\/en\/wp-json\/wp\/v2\/users\/1"}],"replies":[{"embeddable":true,"href":"https:\/\/lawcoursesmu.com\/en\/wp-json\/wp\/v2\/comments?post=248"}],"version-history":[{"count":5,"href":"https:\/\/lawcoursesmu.com\/en\/wp-json\/wp\/v2\/pages\/248\/revisions"}],"predecessor-version":[{"id":2133,"href":"https:\/\/lawcoursesmu.com\/en\/wp-json\/wp\/v2\/pages\/248\/revisions\/2133"}],"wp:attachment":[{"href":"https:\/\/lawcoursesmu.com\/en\/wp-json\/wp\/v2\/media?parent=248"}],"curies":[{"name":"wp","href":"https:\/\/api.w.org\/{rel}","templated":true}]}}